{"id":12288,"date":"2024-01-26T11:15:09","date_gmt":"2024-01-26T04:15:09","guid":{"rendered":"http:\/\/natdentalclinic.com\/?page_id=12288"},"modified":"2024-01-29T10:11:45","modified_gmt":"2024-01-29T03:11:45","slug":"article","status":"publish","type":"page","link":"http:\/\/natdentalclinic.com\/en\/article\/","title":{"rendered":"Article"},"content":{"rendered":"<div class=\"wpb-content-wrapper\"><p>[vc_row][vc_column]\t\t\t<link rel=\"stylesheet\" id=\"wd-blog-base-css\" href=\"http:\/\/natdentalclinic.com\/wp-content\/themes\/woodmart\/css\/parts\/blog-base.min.css?ver=6.1.0\" type=\"text\/css\" media=\"all\" \/> \t\t\t\t\t\t<link rel=\"stylesheet\" id=\"wd-blog-loop-base-old-css\" href=\"http:\/\/natdentalclinic.com\/wp-content\/themes\/woodmart\/css\/parts\/blog-loop-base-old.min.css?ver=6.1.0\" type=\"text\/css\" media=\"all\" \/> \t\t\t\t\t\t<link rel=\"stylesheet\" id=\"wd-blog-loop-design-masonry-css\" href=\"http:\/\/natdentalclinic.com\/wp-content\/themes\/woodmart\/css\/parts\/blog-loop-design-masonry.min.css?ver=6.1.0\" type=\"text\/css\" media=\"all\" \/> \t\t\t<div class=\"wd-blog-holder blog-shortcode  masonry-container wd-spacing-30 row blog-pagination-\" id=\"69d0c42243bb6\" data-paged=\"1\" data-atts=\"{&quot;post_type&quot;:&quot;post&quot;,&quot;include&quot;:&quot;&quot;,&quot;custom_query&quot;:&quot;&quot;,&quot;taxonomies&quot;:&quot;1&quot;,&quot;pagination&quot;:&quot;&quot;,&quot;parts_media&quot;:true,&quot;parts_title&quot;:&quot;1&quot;,&quot;parts_meta&quot;:&quot;0&quot;,&quot;parts_text&quot;:&quot;1&quot;,&quot;parts_btn&quot;:&quot;1&quot;,&quot;items_per_page&quot;:&quot;12&quot;,&quot;offset&quot;:&quot;&quot;,&quot;orderby&quot;:&quot;date&quot;,&quot;order&quot;:&quot;DESC&quot;,&quot;meta_key&quot;:&quot;&quot;,&quot;exclude&quot;:&quot;&quot;,&quot;class&quot;:&quot;&quot;,&quot;ajax_page&quot;:&quot;&quot;,&quot;img_size&quot;:&quot;400x400&quot;,&quot;blog_design&quot;:&quot;masonry&quot;,&quot;blog_carousel_design&quot;:&quot;masonry&quot;,&quot;blog_columns&quot;:&quot;4&quot;,&quot;blog_spacing&quot;:&quot;30&quot;,&quot;speed&quot;:&quot;5000&quot;,&quot;slides_per_view&quot;:&quot;3&quot;,&quot;wrap&quot;:&quot;&quot;,&quot;autoplay&quot;:&quot;no&quot;,&quot;hide_pagination_control&quot;:&quot;&quot;,&quot;hide_prev_next_buttons&quot;:&quot;&quot;,&quot;lazy_loading&quot;:&quot;no&quot;,&quot;scroll_carousel_init&quot;:&quot;no&quot;,&quot;scroll_per_page&quot;:&quot;yes&quot;,&quot;search&quot;:&quot;&quot;}\" data-source=\"shortcode\">\n<article id=\"post-12149\" class=\"blog-design-masonry blog-post-loop blog-style-shadow  col-md-3 col-sm-4 col-12 post-12149 post type-post status-publish format-standard has-post-thumbnail hentry category-article\">\n\t<div class=\"article-inner\">\n\t\t\t\t\t<header class=\"entry-header\">\n\t\t\t\t\t\t\t\t\t<figure id=\"carousel-127\" class=\"entry-thumbnail\">\n\t\t\t\t\t\t\n\t\t\t\t\t\t\t<div class=\"post-img-wrapp\">\n\t\t\t\t\t\t\t\t<a href=\"http:\/\/natdentalclinic.com\/en\/why-choose-invisalign\/\">\n\t\t\t\t\t\t\t\t\t<img decoding=\"async\" class=\"attachment-large wp-post-image \" src=\"http:\/\/natdentalclinic.com\/wp-content\/uploads\/2024\/01\/why.jpg\" width=\"261\" height=\"207\" alt=\"why\" title=\"why\" loading=\"lazy\" \/>\t\t\t\t\t\t\t\t<\/a>\n\t\t\t\t\t\t\t<\/div>\n\t\t\t\t\t\t\t<div class=\"post-image-mask\">\n\t\t\t\t\t\t\t\t<span><\/span>\n\t\t\t\t\t\t\t<\/div>\n\n\t\t\t\t\t\t\n\t\t\t\t\t<\/figure>\n\t\t\t\t\n\t\t\t\t\t\t\t\t\t\t\t\t<div class=\"post-date wd-post-date wd-style-with-bg\" onclick=\"\">\n\t\t\t\t<span class=\"post-date-day\">\n\t\t\t\t\t24\t\t\t\t<\/span>\n\t\t\t\t<span class=\"post-date-month\">\n\t\t\t\t\tJan\t\t\t\t<\/span>\n\t\t\t<\/div>\n\t\t\t\t\t\t\n\t\t\t<\/header><!-- .entry-header -->\n\n\t\t<div class=\"article-body-container\">\n\t\t\t\n\t\t\t\t\n\t\t\t\t\t\t\t\t\t<h3 class=\"wd-entities-title title post-title\">\n\t\t\t\t\t\t<a href=\"http:\/\/natdentalclinic.com\/en\/why-choose-invisalign\/\" rel=\"bookmark\">Why choose invisalign?<\/a>\n\t\t\t\t\t<\/h3>\n\t\t\t\t\n\t\t\t\t\t\t\t\n\t\t\t\t\t\t\t<div class=\"entry-content wd-entry-content\">\n\t\t\t\t\t<p class=\"read-more-section\"><a class=\"btn-read-more more-link\" href=\"http:\/\/natdentalclinic.com\/en\/why-choose-invisalign\/\">Continue reading<\/a><\/p>\t\t\t\t\t\t\t\t\t<\/div><!-- .entry-content -->\n\t\t\t\n\t\t\t\n\t\t\t\t\t<\/div>\n\t<\/div>\n<\/article><!-- #post -->\n\n\n\n<article id=\"post-12144\" class=\"blog-design-masonry blog-post-loop blog-style-shadow  col-md-3 col-sm-4 col-12 first  post-12144 post type-post status-publish format-standard has-post-thumbnail hentry category-article\">\n\t<div class=\"article-inner\">\n\t\t\t\t\t<header class=\"entry-header\">\n\t\t\t\t\t\t\t\t\t<figure id=\"carousel-454\" class=\"entry-thumbnail\">\n\t\t\t\t\t\t\n\t\t\t\t\t\t\t<div class=\"post-img-wrapp\">\n\t\t\t\t\t\t\t\t<a href=\"http:\/\/natdentalclinic.com\/en\/implants-the-best-fixed-dentures\/\">\n\t\t\t\t\t\t\t\t\t<img decoding=\"async\" class=\"attachment-large wp-post-image \" src=\"http:\/\/natdentalclinic.com\/wp-content\/uploads\/2024\/01\/\u0e23\u0e39\u0e1b\u0e19\u0e35\u0e49\u0e40\u0e40\u0e17\u0e19\u0e23\u0e39\u0e1b\u0e19\u0e35\u0e49\u0e04\u0e48\u0e30-1-400x400.jpg\" width=\"400\" height=\"400\" alt=\"\u00b7\u00d3\u00e4\u00c1\u00b5\u00e9\u00cd\u00a7 - 2\" title=\"\u00b7\u00d3\u00e4\u00c1\u00b5\u00e9\u00cd\u00a7 - 2\" loading=\"lazy\" \/>\t\t\t\t\t\t\t\t<\/a>\n\t\t\t\t\t\t\t<\/div>\n\t\t\t\t\t\t\t<div class=\"post-image-mask\">\n\t\t\t\t\t\t\t\t<span><\/span>\n\t\t\t\t\t\t\t<\/div>\n\n\t\t\t\t\t\t\n\t\t\t\t\t<\/figure>\n\t\t\t\t\n\t\t\t\t\t\t\t\t\t\t\t\t<div class=\"post-date wd-post-date wd-style-with-bg\" onclick=\"\">\n\t\t\t\t<span class=\"post-date-day\">\n\t\t\t\t\t24\t\t\t\t<\/span>\n\t\t\t\t<span class=\"post-date-month\">\n\t\t\t\t\tJan\t\t\t\t<\/span>\n\t\t\t<\/div>\n\t\t\t\t\t\t\n\t\t\t<\/header><!-- .entry-header -->\n\n\t\t<div class=\"article-body-container\">\n\t\t\t\n\t\t\t\t\n\t\t\t\t\t\t\t\t\t<h3 class=\"wd-entities-title title post-title\">\n\t\t\t\t\t\t<a href=\"http:\/\/natdentalclinic.com\/en\/implants-the-best-fixed-dentures\/\" rel=\"bookmark\">Implants, the best fixed dentures<\/a>\n\t\t\t\t\t<\/h3>\n\t\t\t\t\n\t\t\t\t\t\t\t\n\t\t\t\t\t\t\t<div class=\"entry-content wd-entry-content\">\n\t\t\t\t\t<p class=\"read-more-section\"><a class=\"btn-read-more more-link\" href=\"http:\/\/natdentalclinic.com\/en\/implants-the-best-fixed-dentures\/\">Continue reading<\/a><\/p>\t\t\t\t\t\t\t\t\t<\/div><!-- .entry-content -->\n\t\t\t\n\t\t\t\n\t\t\t\t\t<\/div>\n\t<\/div>\n<\/article><!-- #post -->\n\n\n\n<article id=\"post-12141\" class=\"blog-design-masonry blog-post-loop blog-style-shadow  col-md-3 col-sm-4 col-12 post-12141 post type-post status-publish format-standard has-post-thumbnail hentry category-article\">\n\t<div class=\"article-inner\">\n\t\t\t\t\t<header class=\"entry-header\">\n\t\t\t\t\t\t\t\t\t<figure id=\"carousel-251\" class=\"entry-thumbnail\">\n\t\t\t\t\t\t\n\t\t\t\t\t\t\t<div class=\"post-img-wrapp\">\n\t\t\t\t\t\t\t\t<a href=\"http:\/\/natdentalclinic.com\/en\/what-is-braces-in-the-system\/\">\n\t\t\t\t\t\t\t\t\t<img decoding=\"async\" class=\"attachment-large wp-post-image \" src=\"http:\/\/natdentalclinic.com\/wp-content\/uploads\/2024\/01\/system.jpg\" width=\"261\" height=\"207\" alt=\"system\" title=\"system\" loading=\"lazy\" \/>\t\t\t\t\t\t\t\t<\/a>\n\t\t\t\t\t\t\t<\/div>\n\t\t\t\t\t\t\t<div class=\"post-image-mask\">\n\t\t\t\t\t\t\t\t<span><\/span>\n\t\t\t\t\t\t\t<\/div>\n\n\t\t\t\t\t\t\n\t\t\t\t\t<\/figure>\n\t\t\t\t\n\t\t\t\t\t\t\t\t\t\t\t\t<div class=\"post-date wd-post-date wd-style-with-bg\" onclick=\"\">\n\t\t\t\t<span class=\"post-date-day\">\n\t\t\t\t\t24\t\t\t\t<\/span>\n\t\t\t\t<span class=\"post-date-month\">\n\t\t\t\t\tJan\t\t\t\t<\/span>\n\t\t\t<\/div>\n\t\t\t\t\t\t\n\t\t\t<\/header><!-- .entry-header -->\n\n\t\t<div class=\"article-body-container\">\n\t\t\t\n\t\t\t\t\n\t\t\t\t\t\t\t\t\t<h3 class=\"wd-entities-title title post-title\">\n\t\t\t\t\t\t<a href=\"http:\/\/natdentalclinic.com\/en\/what-is-braces-in-the-system\/\" rel=\"bookmark\">What is braces in the system?<\/a>\n\t\t\t\t\t<\/h3>\n\t\t\t\t\n\t\t\t\t\t\t\t\n\t\t\t\t\t\t\t<div class=\"entry-content wd-entry-content\">\n\t\t\t\t\t<p class=\"read-more-section\"><a class=\"btn-read-more more-link\" href=\"http:\/\/natdentalclinic.com\/en\/what-is-braces-in-the-system\/\">Continue reading<\/a><\/p>\t\t\t\t\t\t\t\t\t<\/div><!-- .entry-content -->\n\t\t\t\n\t\t\t\n\t\t\t\t\t<\/div>\n\t<\/div>\n<\/article><!-- #post -->\n\n\n\n<article id=\"post-12138\" class=\"blog-design-masonry blog-post-loop blog-style-shadow  col-md-3 col-sm-4 col-12 post-12138 post type-post status-publish format-standard has-post-thumbnail hentry category-article\">\n\t<div class=\"article-inner\">\n\t\t\t\t\t<header class=\"entry-header\">\n\t\t\t\t\t\t\t\t\t<figure id=\"carousel-564\" class=\"entry-thumbnail\">\n\t\t\t\t\t\t\n\t\t\t\t\t\t\t<div class=\"post-img-wrapp\">\n\t\t\t\t\t\t\t\t<a href=\"http:\/\/natdentalclinic.com\/en\/how-good-is-air-flow\/\">\n\t\t\t\t\t\t\t\t\t<img decoding=\"async\" class=\"attachment-large wp-post-image \" src=\"http:\/\/natdentalclinic.com\/wp-content\/uploads\/2024\/01\/airfflow.jpg\" width=\"261\" height=\"207\" alt=\"airfflow\" title=\"airfflow\" loading=\"lazy\" \/>\t\t\t\t\t\t\t\t<\/a>\n\t\t\t\t\t\t\t<\/div>\n\t\t\t\t\t\t\t<div class=\"post-image-mask\">\n\t\t\t\t\t\t\t\t<span><\/span>\n\t\t\t\t\t\t\t<\/div>\n\n\t\t\t\t\t\t\n\t\t\t\t\t<\/figure>\n\t\t\t\t\n\t\t\t\t\t\t\t\t\t\t\t\t<div class=\"post-date wd-post-date wd-style-with-bg\" onclick=\"\">\n\t\t\t\t<span class=\"post-date-day\">\n\t\t\t\t\t24\t\t\t\t<\/span>\n\t\t\t\t<span class=\"post-date-month\">\n\t\t\t\t\tJan\t\t\t\t<\/span>\n\t\t\t<\/div>\n\t\t\t\t\t\t\n\t\t\t<\/header><!-- .entry-header -->\n\n\t\t<div class=\"article-body-container\">\n\t\t\t\n\t\t\t\t\n\t\t\t\t\t\t\t\t\t<h3 class=\"wd-entities-title title post-title\">\n\t\t\t\t\t\t<a href=\"http:\/\/natdentalclinic.com\/en\/how-good-is-air-flow\/\" rel=\"bookmark\">How good is AIR FLOW?<\/a>\n\t\t\t\t\t<\/h3>\n\t\t\t\t\n\t\t\t\t\t\t\t\n\t\t\t\t\t\t\t<div class=\"entry-content wd-entry-content\">\n\t\t\t\t\t<p class=\"read-more-section\"><a class=\"btn-read-more more-link\" href=\"http:\/\/natdentalclinic.com\/en\/how-good-is-air-flow\/\">Continue reading<\/a><\/p>\t\t\t\t\t\t\t\t\t<\/div><!-- .entry-content -->\n\t\t\t\n\t\t\t\n\t\t\t\t\t<\/div>\n\t<\/div>\n<\/article><!-- #post -->\n\n\n\n<article id=\"post-12135\" class=\"blog-design-masonry blog-post-loop blog-style-shadow  col-md-3 col-sm-4 col-12 last  post-12135 post type-post status-publish format-standard has-post-thumbnail hentry category-article\">\n\t<div class=\"article-inner\">\n\t\t\t\t\t<header class=\"entry-header\">\n\t\t\t\t\t\t\t\t\t<figure id=\"carousel-526\" class=\"entry-thumbnail\">\n\t\t\t\t\t\t\n\t\t\t\t\t\t\t<div class=\"post-img-wrapp\">\n\t\t\t\t\t\t\t\t<a href=\"http:\/\/natdentalclinic.com\/en\/everyone-chooses-viviera-retainer\/\">\n\t\t\t\t\t\t\t\t\t<img decoding=\"async\" class=\"attachment-large wp-post-image \" src=\"http:\/\/natdentalclinic.com\/wp-content\/uploads\/2024\/01\/Choose.jpg\" width=\"261\" height=\"207\" alt=\"Choose\" title=\"Choose\" loading=\"lazy\" \/>\t\t\t\t\t\t\t\t<\/a>\n\t\t\t\t\t\t\t<\/div>\n\t\t\t\t\t\t\t<div class=\"post-image-mask\">\n\t\t\t\t\t\t\t\t<span><\/span>\n\t\t\t\t\t\t\t<\/div>\n\n\t\t\t\t\t\t\n\t\t\t\t\t<\/figure>\n\t\t\t\t\n\t\t\t\t\t\t\t\t\t\t\t\t<div class=\"post-date wd-post-date wd-style-with-bg\" onclick=\"\">\n\t\t\t\t<span class=\"post-date-day\">\n\t\t\t\t\t24\t\t\t\t<\/span>\n\t\t\t\t<span class=\"post-date-month\">\n\t\t\t\t\tJan\t\t\t\t<\/span>\n\t\t\t<\/div>\n\t\t\t\t\t\t\n\t\t\t<\/header><!-- .entry-header -->\n\n\t\t<div class=\"article-body-container\">\n\t\t\t\n\t\t\t\t\n\t\t\t\t\t\t\t\t\t<h3 class=\"wd-entities-title title post-title\">\n\t\t\t\t\t\t<a href=\"http:\/\/natdentalclinic.com\/en\/everyone-chooses-viviera-retainer\/\" rel=\"bookmark\">Everyone chooses Viviera Retainer.<\/a>\n\t\t\t\t\t<\/h3>\n\t\t\t\t\n\t\t\t\t\t\t\t\n\t\t\t\t\t\t\t<div class=\"entry-content wd-entry-content\">\n\t\t\t\t\t<p class=\"read-more-section\"><a class=\"btn-read-more more-link\" href=\"http:\/\/natdentalclinic.com\/en\/everyone-chooses-viviera-retainer\/\">Continue reading<\/a><\/p>\t\t\t\t\t\t\t\t\t<\/div><!-- .entry-content -->\n\t\t\t\n\t\t\t\n\t\t\t\t\t<\/div>\n\t<\/div>\n<\/article><!-- #post -->\n\n\n\n<article id=\"post-12132\" class=\"blog-design-masonry blog-post-loop blog-style-shadow  col-md-3 col-sm-4 col-12 first  post-12132 post type-post status-publish format-standard has-post-thumbnail hentry category-article\">\n\t<div class=\"article-inner\">\n\t\t\t\t\t<header class=\"entry-header\">\n\t\t\t\t\t\t\t\t\t<figure id=\"carousel-339\" class=\"entry-thumbnail\">\n\t\t\t\t\t\t\n\t\t\t\t\t\t\t<div class=\"post-img-wrapp\">\n\t\t\t\t\t\t\t\t<a href=\"http:\/\/natdentalclinic.com\/en\/how-good-is-itero-element-5d\/\">\n\t\t\t\t\t\t\t\t\t<img decoding=\"async\" class=\"attachment-large wp-post-image \" src=\"http:\/\/natdentalclinic.com\/wp-content\/uploads\/2024\/01\/itero.jpg\" width=\"261\" height=\"205\" alt=\"itero\" title=\"itero\" loading=\"lazy\" \/>\t\t\t\t\t\t\t\t<\/a>\n\t\t\t\t\t\t\t<\/div>\n\t\t\t\t\t\t\t<div class=\"post-image-mask\">\n\t\t\t\t\t\t\t\t<span><\/span>\n\t\t\t\t\t\t\t<\/div>\n\n\t\t\t\t\t\t\n\t\t\t\t\t<\/figure>\n\t\t\t\t\n\t\t\t\t\t\t\t\t\t\t\t\t<div class=\"post-date wd-post-date wd-style-with-bg\" onclick=\"\">\n\t\t\t\t<span class=\"post-date-day\">\n\t\t\t\t\t24\t\t\t\t<\/span>\n\t\t\t\t<span class=\"post-date-month\">\n\t\t\t\t\tJan\t\t\t\t<\/span>\n\t\t\t<\/div>\n\t\t\t\t\t\t\n\t\t\t<\/header><!-- .entry-header -->\n\n\t\t<div class=\"article-body-container\">\n\t\t\t\n\t\t\t\t\n\t\t\t\t\t\t\t\t\t<h3 class=\"wd-entities-title title post-title\">\n\t\t\t\t\t\t<a href=\"http:\/\/natdentalclinic.com\/en\/how-good-is-itero-element-5d\/\" rel=\"bookmark\">How good is iTero element 5D?<\/a>\n\t\t\t\t\t<\/h3>\n\t\t\t\t\n\t\t\t\t\t\t\t\n\t\t\t\t\t\t\t<div class=\"entry-content wd-entry-content\">\n\t\t\t\t\t<p class=\"read-more-section\"><a class=\"btn-read-more more-link\" href=\"http:\/\/natdentalclinic.com\/en\/how-good-is-itero-element-5d\/\">Continue reading<\/a><\/p>\t\t\t\t\t\t\t\t\t<\/div><!-- .entry-content -->\n\t\t\t\n\t\t\t\n\t\t\t\t\t<\/div>\n\t<\/div>\n<\/article><!-- #post -->\n\n\n\n<article id=\"post-12129\" class=\"blog-design-masonry blog-post-loop blog-style-shadow  col-md-3 col-sm-4 col-12 post-12129 post type-post status-publish format-standard has-post-thumbnail hentry category-article\">\n\t<div class=\"article-inner\">\n\t\t\t\t\t<header class=\"entry-header\">\n\t\t\t\t\t\t\t\t\t<figure id=\"carousel-661\" class=\"entry-thumbnail\">\n\t\t\t\t\t\t\n\t\t\t\t\t\t\t<div class=\"post-img-wrapp\">\n\t\t\t\t\t\t\t\t<a href=\"http:\/\/natdentalclinic.com\/en\/10-advantages-of-invisalign-clear-braces\/\">\n\t\t\t\t\t\t\t\t\t<img decoding=\"async\" class=\"attachment-large wp-post-image \" src=\"http:\/\/natdentalclinic.com\/wp-content\/uploads\/2024\/01\/invisalign.jpg\" width=\"261\" height=\"207\" alt=\"invisalign\" title=\"invisalign\" loading=\"lazy\" \/>\t\t\t\t\t\t\t\t<\/a>\n\t\t\t\t\t\t\t<\/div>\n\t\t\t\t\t\t\t<div class=\"post-image-mask\">\n\t\t\t\t\t\t\t\t<span><\/span>\n\t\t\t\t\t\t\t<\/div>\n\n\t\t\t\t\t\t\n\t\t\t\t\t<\/figure>\n\t\t\t\t\n\t\t\t\t\t\t\t\t\t\t\t\t<div class=\"post-date wd-post-date wd-style-with-bg\" onclick=\"\">\n\t\t\t\t<span class=\"post-date-day\">\n\t\t\t\t\t24\t\t\t\t<\/span>\n\t\t\t\t<span class=\"post-date-month\">\n\t\t\t\t\tJan\t\t\t\t<\/span>\n\t\t\t<\/div>\n\t\t\t\t\t\t\n\t\t\t<\/header><!-- .entry-header -->\n\n\t\t<div class=\"article-body-container\">\n\t\t\t\n\t\t\t\t\n\t\t\t\t\t\t\t\t\t<h3 class=\"wd-entities-title title post-title\">\n\t\t\t\t\t\t<a href=\"http:\/\/natdentalclinic.com\/en\/10-advantages-of-invisalign-clear-braces\/\" rel=\"bookmark\">10 advantages of Invisalign clear braces<\/a>\n\t\t\t\t\t<\/h3>\n\t\t\t\t\n\t\t\t\t\t\t\t\n\t\t\t\t\t\t\t<div class=\"entry-content wd-entry-content\">\n\t\t\t\t\t<p class=\"read-more-section\"><a class=\"btn-read-more more-link\" href=\"http:\/\/natdentalclinic.com\/en\/10-advantages-of-invisalign-clear-braces\/\">Continue reading<\/a><\/p>\t\t\t\t\t\t\t\t\t<\/div><!-- .entry-content -->\n\t\t\t\n\t\t\t\n\t\t\t\t\t<\/div>\n\t<\/div>\n<\/article><!-- #post -->\n\n\n\n<article id=\"post-12126\" class=\"blog-design-masonry blog-post-loop blog-style-shadow  col-md-3 col-sm-4 col-12 post-12126 post type-post status-publish format-standard has-post-thumbnail hentry category-article\">\n\t<div class=\"article-inner\">\n\t\t\t\t\t<header class=\"entry-header\">\n\t\t\t\t\t\t\t\t\t<figure id=\"carousel-987\" class=\"entry-thumbnail\">\n\t\t\t\t\t\t\n\t\t\t\t\t\t\t<div class=\"post-img-wrapp\">\n\t\t\t\t\t\t\t\t<a href=\"http:\/\/natdentalclinic.com\/en\/is-it-true-that-whitening-your-teeth-makes-your-teeth-feel-sensitive\/\">\n\t\t\t\t\t\t\t\t\t<img decoding=\"async\" class=\"attachment-large wp-post-image \" src=\"http:\/\/natdentalclinic.com\/wp-content\/uploads\/2024\/01\/\u0e23\u0e32\u0e01\u0e1f\u0e31\u0e19\u0e40\u0e17\u0e35\u0e22\u0e21.jpg\" width=\"261\" height=\"207\" alt=\"\u0e23\u0e32\u0e01\u0e1f\u0e31\u0e19\u0e40\u0e17\u0e35\u0e22\u0e21\" title=\"\u0e23\u0e32\u0e01\u0e1f\u0e31\u0e19\u0e40\u0e17\u0e35\u0e22\u0e21\" loading=\"lazy\" \/>\t\t\t\t\t\t\t\t<\/a>\n\t\t\t\t\t\t\t<\/div>\n\t\t\t\t\t\t\t<div class=\"post-image-mask\">\n\t\t\t\t\t\t\t\t<span><\/span>\n\t\t\t\t\t\t\t<\/div>\n\n\t\t\t\t\t\t\n\t\t\t\t\t<\/figure>\n\t\t\t\t\n\t\t\t\t\t\t\t\t\t\t\t\t<div class=\"post-date wd-post-date wd-style-with-bg\" onclick=\"\">\n\t\t\t\t<span class=\"post-date-day\">\n\t\t\t\t\t24\t\t\t\t<\/span>\n\t\t\t\t<span class=\"post-date-month\">\n\t\t\t\t\tJan\t\t\t\t<\/span>\n\t\t\t<\/div>\n\t\t\t\t\t\t\n\t\t\t<\/header><!-- .entry-header -->\n\n\t\t<div class=\"article-body-container\">\n\t\t\t\n\t\t\t\t\n\t\t\t\t\t\t\t\t\t<h3 class=\"wd-entities-title title post-title\">\n\t\t\t\t\t\t<a href=\"http:\/\/natdentalclinic.com\/en\/is-it-true-that-whitening-your-teeth-makes-your-teeth-feel-sensitive\/\" rel=\"bookmark\">Is it true that whitening your teeth makes your teeth feel sensitive?<\/a>\n\t\t\t\t\t<\/h3>\n\t\t\t\t\n\t\t\t\t\t\t\t\n\t\t\t\t\t\t\t<div class=\"entry-content wd-entry-content\">\n\t\t\t\t\t<p class=\"read-more-section\"><a class=\"btn-read-more more-link\" href=\"http:\/\/natdentalclinic.com\/en\/is-it-true-that-whitening-your-teeth-makes-your-teeth-feel-sensitive\/\">Continue reading<\/a><\/p>\t\t\t\t\t\t\t\t\t<\/div><!-- .entry-content -->\n\t\t\t\n\t\t\t\n\t\t\t\t\t<\/div>\n\t<\/div>\n<\/article><!-- #post -->\n\n\n<\/div>[\/vc_column][\/vc_row]<\/p>\n<\/div>","protected":false},"excerpt":{"rendered":"<p>[vc_row][vc_column][\/vc_column][\/vc_row]<\/p>\n","protected":false},"author":1,"featured_media":0,"parent":0,"menu_order":0,"comment_status":"closed","ping_status":"closed","template":"","meta":{"footnotes":""},"_links":{"self":[{"href":"http:\/\/natdentalclinic.com\/en\/wp-json\/wp\/v2\/pages\/12288"}],"collection":[{"href":"http:\/\/natdentalclinic.com\/en\/wp-json\/wp\/v2\/pages"}],"about":[{"href":"http:\/\/natdentalclinic.com\/en\/wp-json\/wp\/v2\/types\/page"}],"author":[{"embeddable":true,"href":"http:\/\/natdentalclinic.com\/en\/wp-json\/wp\/v2\/users\/1"}],"replies":[{"embeddable":true,"href":"http:\/\/natdentalclinic.com\/en\/wp-json\/wp\/v2\/comments?post=12288"}],"version-history":[{"count":6,"href":"http:\/\/natdentalclinic.com\/en\/wp-json\/wp\/v2\/pages\/12288\/revisions"}],"predecessor-version":[{"id":12760,"href":"http:\/\/natdentalclinic.com\/en\/wp-json\/wp\/v2\/pages\/12288\/revisions\/12760"}],"wp:attachment":[{"href":"http:\/\/natdentalclinic.com\/en\/wp-json\/wp\/v2\/media?parent=12288"}],"curies":[{"name":"wp","href":"https:\/\/api.w.org\/{rel}","templated":true}]}}